{"id":467,"date":"2026-03-26T16:05:40","date_gmt":"2026-03-26T08:05:40","guid":{"rendered":"https:\/\/franchisefd.com\/?page_id=467"},"modified":"2026-03-31T10:25:04","modified_gmt":"2026-03-31T02:25:04","slug":"%e8%b6%8a%e5%8d%97%e6%96%87%e8%8f%9c%e5%96%aetieng-viet","status":"publish","type":"page","link":"https:\/\/franchisefd.com\/?page_id=467","title":{"rendered":"\u8d8a\u5357\u6587\u83dc\u55ae(Th\u1ef1c \u0111\u01a1n m\u00f3n Vi\u1ec7t)"},"content":{"rendered":"\t\t<div data-elementor-type=\"wp-page\" data-elementor-id=\"467\" class=\"elementor elementor-467\" data-elementor-post-type=\"page\">\n\t\t\t\t<div class=\"elementor-element elementor-element-35fe899 e-flex e-con-boxed e-con e-parent\" data-id=\"35fe899\" data-element_type=\"container\" data-e-type=\"container\">\n\t\t\t\t\t<div class=\"e-con-inner\">\n\t\t\t\t<div class=\"elementor-element elementor-element-02d03bc gallery-spacing-custom elementor-widget elementor-widget-image-gallery\" data-id=\"02d03bc\" data-element_type=\"widget\" data-e-type=\"widget\" data-widget_type=\"image-gallery.default\">\n\t\t\t\t\t\t\t<div class=\"elementor-image-gallery\">\n\t\t\t<div id='gallery-1' class='gallery galleryid-467 gallery-columns-1 gallery-size-full'><figure class='gallery-item'>\n\t\t\t<div class='gallery-icon landscape'>\n\t\t\t\t<a data-elementor-open-lightbox=\"yes\" data-elementor-lightbox-slideshow=\"02d03bc\" data-elementor-lightbox-title=\"\u80d6\u8001\u7239_\u8d8a\u5357\u6587_\u6ac3\u53f0\u83dc\u55ae_2603_A3\u6b63\u9762\" data-e-action-hash=\"#elementor-action%3Aaction%3Dlightbox%26settings%3DeyJpZCI6NDcwLCJ1cmwiOiJodHRwczpcL1wvZnJhbmNoaXNlZmQuY29tXC93cC1jb250ZW50XC91cGxvYWRzXC8yMDI2XC8wM1wvXHU4MGQ2XHU4MDAxXHU3MjM5X1x1OGQ4YVx1NTM1N1x1NjU4N19cdTZhYzNcdTUzZjBcdTgzZGNcdTU1YWVfMjYwM19BM1x1NmI2M1x1OTc2Mi1zY2FsZWQuanBnIiwic2xpZGVzaG93IjoiMDJkMDNiYyJ9\" href='https:\/\/franchisefd.com\/wp-content\/uploads\/2026\/03\/\u80d6\u8001\u7239_\u8d8a\u5357\u6587_\u6ac3\u53f0\u83dc\u55ae_2603_A3\u6b63\u9762-scaled.jpg'><img fetchpriority=\"high\" decoding=\"async\" width=\"2560\" height=\"1817\" src=\"https:\/\/franchisefd.com\/wp-content\/uploads\/2026\/03\/\u80d6\u8001\u7239_\u8d8a\u5357\u6587_\u6ac3\u53f0\u83dc\u55ae_2603_A3\u6b63\u9762-scaled.jpg\" class=\"attachment-full size-full\" alt=\"\" srcset=\"https:\/\/franchisefd.com\/wp-content\/uploads\/2026\/03\/\u80d6\u8001\u7239_\u8d8a\u5357\u6587_\u6ac3\u53f0\u83dc\u55ae_2603_A3\u6b63\u9762-scaled.jpg 2560w, https:\/\/franchisefd.com\/wp-content\/uploads\/2026\/03\/\u80d6\u8001\u7239_\u8d8a\u5357\u6587_\u6ac3\u53f0\u83dc\u55ae_2603_A3\u6b63\u9762-300x213.jpg 300w, https:\/\/franchisefd.com\/wp-content\/uploads\/2026\/03\/\u80d6\u8001\u7239_\u8d8a\u5357\u6587_\u6ac3\u53f0\u83dc\u55ae_2603_A3\u6b63\u9762-1024x727.jpg 1024w, https:\/\/franchisefd.com\/wp-content\/uploads\/2026\/03\/\u80d6\u8001\u7239_\u8d8a\u5357\u6587_\u6ac3\u53f0\u83dc\u55ae_2603_A3\u6b63\u9762-768x545.jpg 768w, https:\/\/franchisefd.com\/wp-content\/uploads\/2026\/03\/\u80d6\u8001\u7239_\u8d8a\u5357\u6587_\u6ac3\u53f0\u83dc\u55ae_2603_A3\u6b63\u9762-1536x1090.jpg 1536w, https:\/\/franchisefd.com\/wp-content\/uploads\/2026\/03\/\u80d6\u8001\u7239_\u8d8a\u5357\u6587_\u6ac3\u53f0\u83dc\u55ae_2603_A3\u6b63\u9762-2048x1454.jpg 2048w\" sizes=\"(max-width: 2560px) 100vw, 2560px\" \/><\/a>\n\t\t\t<\/div><\/figure><figure class='gallery-item'>\n\t\t\t<div class='gallery-icon landscape'>\n\t\t\t\t<a data-elementor-open-lightbox=\"yes\" data-elementor-lightbox-slideshow=\"02d03bc\" data-elementor-lightbox-title=\"\u80d6\u8001\u7239_\u8d8a\u5357\u6587_\u6ac3\u53f0\u83dc\u55ae_2603_A3\u53cd\u9762\" data-e-action-hash=\"#elementor-action%3Aaction%3Dlightbox%26settings%3DeyJpZCI6NDY5LCJ1cmwiOiJodHRwczpcL1wvZnJhbmNoaXNlZmQuY29tXC93cC1jb250ZW50XC91cGxvYWRzXC8yMDI2XC8wM1wvXHU4MGQ2XHU4MDAxXHU3MjM5X1x1OGQ4YVx1NTM1N1x1NjU4N19cdTZhYzNcdTUzZjBcdTgzZGNcdTU1YWVfMjYwM19BM1x1NTNjZFx1OTc2Mi1zY2FsZWQuanBnIiwic2xpZGVzaG93IjoiMDJkMDNiYyJ9\" href='https:\/\/franchisefd.com\/wp-content\/uploads\/2026\/03\/\u80d6\u8001\u7239_\u8d8a\u5357\u6587_\u6ac3\u53f0\u83dc\u55ae_2603_A3\u53cd\u9762-scaled.jpg'><img decoding=\"async\" width=\"2560\" height=\"1817\" src=\"https:\/\/franchisefd.com\/wp-content\/uploads\/2026\/03\/\u80d6\u8001\u7239_\u8d8a\u5357\u6587_\u6ac3\u53f0\u83dc\u55ae_2603_A3\u53cd\u9762-scaled.jpg\" class=\"attachment-full size-full\" alt=\"\" srcset=\"https:\/\/franchisefd.com\/wp-content\/uploads\/2026\/03\/\u80d6\u8001\u7239_\u8d8a\u5357\u6587_\u6ac3\u53f0\u83dc\u55ae_2603_A3\u53cd\u9762-scaled.jpg 2560w, https:\/\/franchisefd.com\/wp-content\/uploads\/2026\/03\/\u80d6\u8001\u7239_\u8d8a\u5357\u6587_\u6ac3\u53f0\u83dc\u55ae_2603_A3\u53cd\u9762-300x213.jpg 300w, https:\/\/franchisefd.com\/wp-content\/uploads\/2026\/03\/\u80d6\u8001\u7239_\u8d8a\u5357\u6587_\u6ac3\u53f0\u83dc\u55ae_2603_A3\u53cd\u9762-1024x727.jpg 1024w, https:\/\/franchisefd.com\/wp-content\/uploads\/2026\/03\/\u80d6\u8001\u7239_\u8d8a\u5357\u6587_\u6ac3\u53f0\u83dc\u55ae_2603_A3\u53cd\u9762-768x545.jpg 768w, https:\/\/franchisefd.com\/wp-content\/uploads\/2026\/03\/\u80d6\u8001\u7239_\u8d8a\u5357\u6587_\u6ac3\u53f0\u83dc\u55ae_2603_A3\u53cd\u9762-1536x1090.jpg 1536w, https:\/\/franchisefd.com\/wp-content\/uploads\/2026\/03\/\u80d6\u8001\u7239_\u8d8a\u5357\u6587_\u6ac3\u53f0\u83dc\u55ae_2603_A3\u53cd\u9762-2048x1454.jpg 2048w\" sizes=\"(max-width: 2560px) 100vw, 2560px\" \/><\/a>\n\t\t\t<\/div><\/figure>\n\t\t<\/div>\n\t\t<\/div>\n\t\t\t\t\t\t<\/div>\n\t\t\t\t\t<\/div>\n\t\t\t\t<\/div>\n\t\t<div class=\"elementor-element elementor-element-21022d3 e-flex e-con-boxed e-con e-parent\" data-id=\"21022d3\" data-element_type=\"container\" data-e-type=\"container\">\n\t\t\t\t\t<div class=\"e-con-inner\">\n\t\t\t\t<div class=\"elementor-element elementor-element-6198ae0 elementor-widget elementor-widget-text-editor\" data-id=\"6198ae0\" data-element_type=\"widget\" data-e-type=\"widget\" data-widget_type=\"text-editor.default\">\n\t\t\t\t\t\t\t\t\t<p>\u5982\u83dc\u55ae\u5167\u5bb9\u6709\u8aa4\u6b61\u8fce\u806f\u7d61\u6211\u5011\u4fee\u6539\uff0c\u9020\u6210\u4e0d\u4fbf\u656c\u8acb\u898b\u8ad2\u3002<br \/>N\u1ebfu c\u00f3 b\u1ea5t k\u1ef3 sai s\u00f3t n\u00e0o trong th\u1ef1c \u0111\u01a1n, vui l\u00f2ng li\u00ean h\u1ec7 v\u1edbi ch\u00fang t\u00f4i \u0111\u1ec3 \u0111\u01b0\u1ee3c ch\u1ec9nh s\u1eeda. Ch\u00fang t\u00f4i xin l\u1ed7i v\u00ec b\u1ea5t k\u1ef3 s\u1ef1 b\u1ea5t ti\u1ec7n n\u00e0o g\u00e2y ra.<\/p>\t\t\t\t\t\t\t\t<\/div>\n\t\t\t\t\t<\/div>\n\t\t\t\t<\/div>\n\t\t\t\t<\/div>\n\t\t","protected":false},"excerpt":{"rendered":"<p>\u5982\u83dc\u55ae\u5167\u5bb9\u6709\u8aa4\u6b61\u8fce\u806f\u7d61\u6211\u5011\u4fee\u6539\uff0c\u9020\u6210\u4e0d\u4fbf\u656c\u8acb\u898b\u8ad2\u3002N\u1ebfu c\u00f3 b\u1ea5t k\u1ef3 sai s\u00f3t n\u00e0o tron [&hellip;]<\/p>\n","protected":false},"author":1,"featured_media":0,"parent":0,"menu_order":0,"comment_status":"closed","ping_status":"closed","template":"","meta":{"footnotes":""},"class_list":["post-467","page","type-page","status-publish","hentry"],"_links":{"self":[{"href":"https:\/\/franchisefd.com\/index.php?rest_route=\/wp\/v2\/pages\/467","targetHints":{"allow":["GET"]}}],"collection":[{"href":"https:\/\/franchisefd.com\/index.php?rest_route=\/wp\/v2\/pages"}],"about":[{"href":"https:\/\/franchisefd.com\/index.php?rest_route=\/wp\/v2\/types\/page"}],"author":[{"embeddable":true,"href":"https:\/\/franchisefd.com\/index.php?rest_route=\/wp\/v2\/users\/1"}],"replies":[{"embeddable":true,"href":"https:\/\/franchisefd.com\/index.php?rest_route=%2Fwp%2Fv2%2Fcomments&post=467"}],"version-history":[{"count":8,"href":"https:\/\/franchisefd.com\/index.php?rest_route=\/wp\/v2\/pages\/467\/revisions"}],"predecessor-version":[{"id":550,"href":"https:\/\/franchisefd.com\/index.php?rest_route=\/wp\/v2\/pages\/467\/revisions\/550"}],"wp:attachment":[{"href":"https:\/\/franchisefd.com\/index.php?rest_route=%2Fwp%2Fv2%2Fmedia&parent=467"}],"curies":[{"name":"wp","href":"https:\/\/api.w.org\/{rel}","templated":true}]}}